{"id":96,"date":"2024-04-21T18:07:55","date_gmt":"2024-04-21T16:07:55","guid":{"rendered":"https:\/\/createurdapp.li\/?post_type=product&#038;p=96"},"modified":"2024-04-21T18:07:55","modified_gmt":"2024-04-21T16:07:55","slug":"tapis-de-priere","status":"publish","type":"product","link":"https:\/\/createurdapp.li\/?product=tapis-de-priere","title":{"rendered":"Tapis de pri\u00e8re"},"content":{"rendered":"<p>Tapis fin\u00a0 uni personnalis\u00e9 ultra doux \u00e0 franges torsad\u00e9es.<\/p>\n","protected":false},"excerpt":{"rendered":"<p>Tapis fin\u00a0 uni personnalis\u00e9 ultra doux \u00e0 franges torsad\u00e9es.<\/p>\n","protected":false},"featured_media":110,"comment_status":"open","ping_status":"closed","template":"","meta":[],"product_cat":[15],"product_tag":[],"_links":{"self":[{"href":"https:\/\/createurdapp.li\/index.php?rest_route=\/wp\/v2\/product\/96"}],"collection":[{"href":"https:\/\/createurdapp.li\/index.php?rest_route=\/wp\/v2\/product"}],"about":[{"href":"https:\/\/createurdapp.li\/index.php?rest_route=\/wp\/v2\/types\/product"}],"replies":[{"embeddable":true,"href":"https:\/\/createurdapp.li\/index.php?rest_route=%2Fwp%2Fv2%2Fcomments&post=96"}],"wp:featuredmedia":[{"embeddable":true,"href":"https:\/\/createurdapp.li\/index.php?rest_route=\/wp\/v2\/media\/110"}],"wp:attachment":[{"href":"https:\/\/createurdapp.li\/index.php?rest_route=%2Fwp%2Fv2%2Fmedia&parent=96"}],"wp:term":[{"taxonomy":"product_cat","embeddable":true,"href":"https:\/\/createurdapp.li\/index.php?rest_route=%2Fwp%2Fv2%2Fproduct_cat&post=96"},{"taxonomy":"product_tag","embeddable":true,"href":"https:\/\/createurdapp.li\/index.php?rest_route=%2Fwp%2Fv2%2Fproduct_tag&post=96"}],"curies":[{"name":"wp","href":"https:\/\/api.w.org\/{rel}","templated":true}]}}