{"id":186,"date":"2024-05-28T23:35:27","date_gmt":"2024-05-28T21:35:27","guid":{"rendered":"https:\/\/createurdapp.li\/?post_type=product&#038;p=186"},"modified":"2024-05-28T23:35:28","modified_gmt":"2024-05-28T21:35:28","slug":"protege-passeport","status":"publish","type":"product","link":"https:\/\/createurdapp.li\/?product=protege-passeport","title":{"rendered":"Prot\u00e8ge  passeport"},"content":{"rendered":"<p>Pour customiser votre passeport et le garder en bon \u00e9tat, choisissez ce prot\u00e8ge\u00a0 passeport marbr\u00e9 .<\/p>\n<p>&nbsp;<\/p>\n<p>disponible en diff\u00e9rentes couleurs<\/p>\n","protected":false},"excerpt":{"rendered":"<p>Pour customiser votre passeport et le garder en bon \u00e9tat, choisissez ce prot\u00e8ge\u00a0 passeport marbr\u00e9 . &nbsp; disponible en diff\u00e9rentes couleurs<\/p>\n","protected":false},"featured_media":101,"comment_status":"open","ping_status":"closed","template":"","meta":[],"product_cat":[25],"product_tag":[],"_links":{"self":[{"href":"https:\/\/createurdapp.li\/index.php?rest_route=\/wp\/v2\/product\/186"}],"collection":[{"href":"https:\/\/createurdapp.li\/index.php?rest_route=\/wp\/v2\/product"}],"about":[{"href":"https:\/\/createurdapp.li\/index.php?rest_route=\/wp\/v2\/types\/product"}],"replies":[{"embeddable":true,"href":"https:\/\/createurdapp.li\/index.php?rest_route=%2Fwp%2Fv2%2Fcomments&post=186"}],"wp:featuredmedia":[{"embeddable":true,"href":"https:\/\/createurdapp.li\/index.php?rest_route=\/wp\/v2\/media\/101"}],"wp:attachment":[{"href":"https:\/\/createurdapp.li\/index.php?rest_route=%2Fwp%2Fv2%2Fmedia&parent=186"}],"wp:term":[{"taxonomy":"product_cat","embeddable":true,"href":"https:\/\/createurdapp.li\/index.php?rest_route=%2Fwp%2Fv2%2Fproduct_cat&post=186"},{"taxonomy":"product_tag","embeddable":true,"href":"https:\/\/createurdapp.li\/index.php?rest_route=%2Fwp%2Fv2%2Fproduct_tag&post=186"}],"curies":[{"name":"wp","href":"https:\/\/api.w.org\/{rel}","templated":true}]}}