{"id":143,"date":"2024-04-21T19:49:24","date_gmt":"2024-04-21T17:49:24","guid":{"rendered":"https:\/\/createurdapp.li\/?post_type=product&#038;p=143"},"modified":"2024-09-06T18:41:16","modified_gmt":"2024-09-06T16:41:16","slug":"143","status":"publish","type":"product","link":"https:\/\/createurdapp.li\/?product=143","title":{"rendered":"Eau de Parfum YARA 50 ML"},"content":{"rendered":"<p>Afin de pr\u00e9parer votre peau au parfumage nous vous conseillons la cr\u00e8me vaseline Yara afin de maximiser la durabilit\u00e9 de votre parfum Yara.<\/p>\n<ul>\n<li>Composants :\u00a0Mandarine, H\u00e9liotrope, Orchid\u00e9e, Notes tropicales, Vanille, Bois de santal, Musc<\/li>\n<li>Marque : Lattafa<\/li>\n<li>Contenance: 50ml<\/li>\n<li>Flacon avec embout pulv\u00e9risateur<\/li>\n<li>Genre : Femme<\/li>\n<\/ul>\n","protected":false},"excerpt":{"rendered":"<p>Parfumez-vous avec des senteurs florales et fra\u00eeches id\u00e9ales pour femme. L&rsquo;eau de parfum YARA de la gamme Lattafa est un m\u00e9lange de notes tropicales et de mandarines, mais aussi de fragrances d&rsquo;orchid\u00e9e et de vanille. Choisissez cette senteur fruit\u00e9e du parfum YARA pour une odeur douce qui tient longtemps.<\/p>\n","protected":false},"featured_media":149,"comment_status":"open","ping_status":"closed","template":"","meta":[],"product_cat":[19],"product_tag":[20,22,21],"_links":{"self":[{"href":"https:\/\/createurdapp.li\/index.php?rest_route=\/wp\/v2\/product\/143"}],"collection":[{"href":"https:\/\/createurdapp.li\/index.php?rest_route=\/wp\/v2\/product"}],"about":[{"href":"https:\/\/createurdapp.li\/index.php?rest_route=\/wp\/v2\/types\/product"}],"replies":[{"embeddable":true,"href":"https:\/\/createurdapp.li\/index.php?rest_route=%2Fwp%2Fv2%2Fcomments&post=143"}],"wp:featuredmedia":[{"embeddable":true,"href":"https:\/\/createurdapp.li\/index.php?rest_route=\/wp\/v2\/media\/149"}],"wp:attachment":[{"href":"https:\/\/createurdapp.li\/index.php?rest_route=%2Fwp%2Fv2%2Fmedia&parent=143"}],"wp:term":[{"taxonomy":"product_cat","embeddable":true,"href":"https:\/\/createurdapp.li\/index.php?rest_route=%2Fwp%2Fv2%2Fproduct_cat&post=143"},{"taxonomy":"product_tag","embeddable":true,"href":"https:\/\/createurdapp.li\/index.php?rest_route=%2Fwp%2Fv2%2Fproduct_tag&post=143"}],"curies":[{"name":"wp","href":"https:\/\/api.w.org\/{rel}","templated":true}]}}